{"id":8027,"date":"2023-10-24T08:09:37","date_gmt":"2023-10-24T06:09:37","guid":{"rendered":"https:\/\/mg-thal.ch\/?page_id=8027"},"modified":"2025-08-05T12:06:08","modified_gmt":"2025-08-05T10:06:08","slug":"impressum-datenschutz","status":"publish","type":"page","link":"https:\/\/mg-thal.ch\/index.php\/about-us\/impressum-datenschutz\/","title":{"rendered":"Impressum\/Datenschutz"},"content":{"rendered":"<h3>Impressum\/Datenschutz<\/h3>\n<p>Musikgesellschaft Thal<br \/>\nPostfach<br \/>\n9425 Thal<\/p>\n<p>Vereinspr\u00e4sident<br \/>\nHerr Christoph Giger<\/p>\n<p>E-Mail: praesident@mg-thal.ch<\/p>\n<h4>Datenschutzerkl\u00e4rung<\/h4>\n<p>Laden Sie unsere allgemeine\u00a0<a href=\"https:\/\/mg-thal.ch\/wp-content\/uploads\/2023\/10\/Datenschutzumsetzung-MGThal.pdf\" target=\"_blank\" rel=\"noopener\">Datenschutzerkl\u00e4rung<\/a>\u00a0als PDF-Datei herunter.<\/p>\n<h4>Keine Herausgabe von Personendaten an Dritte<\/h4>\n<p>Die Musikgesellschaft Thal gibt keine bei ihm oder in von ihm benutzten Systemen gespeicherten Personendaten ohne Einwilligung an Dritte heraus, insbesondere nicht zu Werbezwecken.<\/p>\n<h4>Urheberrecht<\/h4>\n<p>\u00a9 Musikgesellschaft Thal. Alle Rechte vorbehalten.<\/p>\n<p>Die durch die Seitenbetreiber erstellten Inhalte und Werke auf diesen Seiten unterliegen dem Schweizer Urheberrecht gem\u00e4ss URG. Die Vervielf\u00e4ltigung, Bearbeitung, Verbreitung und jede Art der Verwertung ausserhalb der Grenzen des Urheberrechtes bed\u00fcrfen der schriftlichen Zustimmung des jeweiligen Autors bzw. Erstellers. Downloads und Kopien dieser Seite sind nur f\u00fcr den privaten, nicht kommerziellen Gebrauch gestattet. Soweit die Inhalte auf dieser Seite nicht vom Betreiber erstellt wurden, werden die Urheberrechte Dritter beachtet. Insbesondere werden Inhalte Dritter als solche gekennzeichnet.<\/p>\n","protected":false},"excerpt":{"rendered":"<p>Impressum\/Datenschutz Musikgesellschaft Thal Postfach 9425 Thal Vereinspr\u00e4sident Herr Christoph Giger E-Mail: praesident@mg-thal.ch Datenschutzerkl\u00e4rung Laden Sie unsere allgemeine\u00a0Datenschutzerkl\u00e4rung\u00a0als PDF-Datei herunter. Keine Herausgabe von Personendaten an Dritte Die Musikgesellschaft Thal gibt keine bei ihm oder in von ihm benutzten Systemen gespeicherten Personendaten ohne Einwilligung an Dritte heraus, insbesondere nicht zu Werbezwecken. Urheberrecht \u00a9 Musikgesellschaft Thal. Alle Rechte [&hellip;]<\/p>\n","protected":false},"author":1,"featured_media":0,"parent":2890,"menu_order":0,"comment_status":"closed","ping_status":"closed","template":"","meta":{"footnotes":""},"class_list":["post-8027","page","type-page","status-publish","hentry"],"_links":{"self":[{"href":"https:\/\/mg-thal.ch\/index.php\/wp-json\/wp\/v2\/pages\/8027","targetHints":{"allow":["GET"]}}],"collection":[{"href":"https:\/\/mg-thal.ch\/index.php\/wp-json\/wp\/v2\/pages"}],"about":[{"href":"https:\/\/mg-thal.ch\/index.php\/wp-json\/wp\/v2\/types\/page"}],"author":[{"embeddable":true,"href":"https:\/\/mg-thal.ch\/index.php\/wp-json\/wp\/v2\/users\/1"}],"replies":[{"embeddable":true,"href":"https:\/\/mg-thal.ch\/index.php\/wp-json\/wp\/v2\/comments?post=8027"}],"version-history":[{"count":5,"href":"https:\/\/mg-thal.ch\/index.php\/wp-json\/wp\/v2\/pages\/8027\/revisions"}],"predecessor-version":[{"id":8574,"href":"https:\/\/mg-thal.ch\/index.php\/wp-json\/wp\/v2\/pages\/8027\/revisions\/8574"}],"up":[{"embeddable":true,"href":"https:\/\/mg-thal.ch\/index.php\/wp-json\/wp\/v2\/pages\/2890"}],"wp:attachment":[{"href":"https:\/\/mg-thal.ch\/index.php\/wp-json\/wp\/v2\/media?parent=8027"}],"curies":[{"name":"wp","href":"https:\/\/api.w.org\/{rel}","templated":true}]}}